{"id":29818,"date":"2016-07-20T15:50:37","date_gmt":"2016-07-20T13:50:37","guid":{"rendered":"http:\/\/manjgura.hr\/?page_id=29818&#038;lang=en"},"modified":"2022-05-04T12:33:12","modified_gmt":"2022-05-04T10:33:12","slug":"contact","status":"publish","type":"page","link":"https:\/\/manjgura.hr\/en\/contact","title":{"rendered":"Contact"},"content":{"rendered":"<p class=\"Article-meta\">Posljednja izmjena May 4th, 2022 u 12:33 <\/p><h3>We are problem solvers! Contact us<\/h3>\n<p>Phone: <a href=\"tel:+38514554222\">+385 (1) 4554 222<\/a><br \/>\nEmail: <a href=\"mailto:info@manjgura.hr\">info@manjgura.hr<\/a><\/p>\n<p>\n<div class=\"wpcf7 no-js\" id=\"wpcf7-f31184-o1\" lang=\"hr\" dir=\"ltr\" data-wpcf7-id=\"31184\">\n<div class=\"screen-reader-response\"><p role=\"status\" aria-live=\"polite\" aria-atomic=\"true\"><\/p> <ul><\/ul><\/div>\n<form action=\"\/en\/wp-json\/wp\/v2\/pages\/29818#wpcf7-f31184-o1\" method=\"post\" class=\"wpcf7-form init\" aria-label=\"Kontakt obrazac\" novalidate=\"novalidate\" data-status=\"init\">\n<fieldset class=\"hidden-fields-container\"><input type=\"hidden\" name=\"_wpcf7\" value=\"31184\" \/><input type=\"hidden\" name=\"_wpcf7_version\" value=\"6.1.4\" \/><input type=\"hidden\" name=\"_wpcf7_locale\" value=\"hr\" \/><input type=\"hidden\" name=\"_wpcf7_unit_tag\" value=\"wpcf7-f31184-o1\" \/><input type=\"hidden\" name=\"_wpcf7_container_post\" value=\"0\" \/><input type=\"hidden\" name=\"_wpcf7_posted_data_hash\" value=\"\" \/><input type=\"hidden\" name=\"_wpcf7_recaptcha_response\" value=\"\" \/>\n<\/fieldset>\n<p>Va\u0161e ime (obavezno)\n<\/p>\n<p><span class=\"wpcf7-form-control-wrap\" data-name=\"your-name\"><input size=\"40\" maxlength=\"400\" class=\"wpcf7-form-control wpcf7-text wpcf7-validates-as-required\" aria-required=\"true\" aria-invalid=\"false\" value=\"\" type=\"text\" name=\"your-name\" \/><\/span>\n<\/p>\n<p>Va\u0161 Email (obavezno)\n<\/p>\n<p><span class=\"wpcf7-form-control-wrap\" data-name=\"your-email\"><input size=\"40\" maxlength=\"400\" class=\"wpcf7-form-control wpcf7-email wpcf7-validates-as-required wpcf7-text wpcf7-validates-as-email\" aria-required=\"true\" aria-invalid=\"false\" value=\"\" type=\"email\" name=\"your-email\" \/><\/span>\n<\/p>\n<p>Predmet\n<\/p>\n<p><span class=\"wpcf7-form-control-wrap\" data-name=\"your-subject\"><input size=\"40\" maxlength=\"400\" class=\"wpcf7-form-control wpcf7-text\" aria-invalid=\"false\" value=\"\" type=\"text\" name=\"your-subject\" \/><\/span>\n<\/p>\n<p>Va\u0161a Poruka\n<\/p>\n<p><span class=\"wpcf7-form-control-wrap\" data-name=\"your-message\"><textarea cols=\"40\" rows=\"10\" maxlength=\"2000\" class=\"wpcf7-form-control wpcf7-textarea\" aria-invalid=\"false\" name=\"your-message\"><\/textarea><\/span>\n<\/p>\n<p><div id=\"cf7sr-69edcb87cc7a1\" class=\"cf7sr-g-recaptcha\" data-theme=\"light\" data-type=\"image\" data-size=\"normal\" data-sitekey=\"6LepI9IZAAAAACEtxV8q6e3LuW17CjlL2n_SUwCf\"><\/div><span class=\"wpcf7-form-control-wrap cf7sr-recaptcha\" data-name=\"cf7sr-recaptcha\"><input type=\"hidden\" name=\"cf7sr-recaptcha\" value=\"\" class=\"wpcf7-form-control\"><\/span>\n<\/p>\n<table>\n\t<tr>\n\t\t<td style=\"vertical-align:top; padding-right:20px\">\n\t\t\t<p><span class=\"wpcf7-form-control-wrap\" data-name=\"acceptance-75\"><span class=\"wpcf7-form-control wpcf7-acceptance\"><span class=\"wpcf7-list-item\"><input type=\"checkbox\" name=\"acceptance-75\" value=\"1\" aria-invalid=\"false\" \/><\/span><\/span><\/span>\n\t\t\t<\/p>\n\t\t<\/td>\n\t\t<td>\n\t\t\t<p>Izjavljujem sam upoznat sa Op\u0107im uvjetima o za\u0161titi osobnih podataka dru\u0161tva MANJGURA d.o.o. Vi\u0161e o Op\u0107im uvjetima o za\u0161titi osobnih podataka mo\u017eete pro\u010ditati <a href=\"http:\/\/manjgura.hr\/opci-uvjeti-koristenja-internet-stranica-www-manjgura-hr\">ovdje<\/a>.\n\t\t\t<\/p>\n\t\t<\/td>\n\t<\/tr>\n<\/table>\n<p><input class=\"wpcf7-form-control wpcf7-submit has-spinner\" type=\"submit\" value=\"Po\u0161alji\" \/>\n<\/p><div class=\"wpcf7-response-output\" aria-hidden=\"true\"><\/div>\n<\/form>\n<\/div>\n&#8220;]<\/p>\n<p><strong>Manjgura d.o.o. <\/strong> za odnose s javno\u0161\u0107u<br \/>\nEde Murti\u0107a 6, HR-10020 Zagreb<br \/>\nOIB: 75231721925; M.Br.: 01326970;<\/p>\n<p>Entered in to the Zagreb Trade court register, Case No. 080182778.<br \/>\nIBAN: HR3824840081100537512 opened at Raiffeisenbank Austria d.d., Petrinjska 59, Zagreb.<br \/>\nCompany equity 22.400,00 kuna in material assets.<br \/>\nMember of the board: Kre\u0161imir Macan<\/p>\n<div class=\"Iframe Iframe--disableScroll\"><iframe loading=\"lazy\" class=\"Iframe-content\" style=\"border: 0;\" src=\"https:\/\/www.google.com\/maps\/embed?pb=!1m18!1m12!1m3!1d2782.5401804581056!2d15.980869315804602!3d45.780404720308916!2m3!1f0!2f0!3f0!3m2!1i1024!2i768!4f13.1!3m3!1m2!1s0x4765d671275a61cb%3A0xf29e89a7f7fd204d!2sManjgura%2C+agencija+za+odnose+s+javno%C5%A1%C4%87u!5e0!3m2!1sen!2shr!4v1453920212866\" width=\"300\" height=\"150\" frameborder=\"0\" allowfullscreen=\"allowfullscreen\"><\/iframe><\/div>\n<div><\/div>\n<div><\/div>\n<div style=\"text-align: center;\"><span style=\"color: #ff0000;\"><a style=\"color: #ff0000;\" href=\"http:\/\/manjgura.hr\/opci-uvjeti-koristenja-internet-stranica-www-manjgura-hr\"><strong>Terms and Conditions for www.manjgura.hr<\/strong><\/a><\/span><\/div>\n","protected":false},"excerpt":{"rendered":"<p>Posljednja izmjena May 4th, 2022 u 12:33 We are problem solvers! Contact us Phone: +385 (1) 4554 222 Email: info@manjgura.hr &#8220;] Manjgura d.o.o. za odnose s javno\u0161\u0107u Ede Murti\u0107a 6, HR-10020 Zagreb OIB: 75231721925; M.Br.: 01326970; Entered in to the Zagreb Trade court register, Case No. 080182778. IBAN: HR3824840081100537512 opened at Raiffeisenbank Austria d.d., Petrinjska [&hellip;]<\/p>\n","protected":false},"author":2,"featured_media":0,"parent":0,"menu_order":0,"comment_status":"open","ping_status":"open","template":"","meta":{"_acf_changed":false,"_stopmodifiedupdate":false,"_modified_date":"","footnotes":""},"class_list":["post-29818","page","type-page","status-publish","hentry"],"acf":[],"jetpack_sharing_enabled":true,"_links":{"self":[{"href":"https:\/\/manjgura.hr\/en\/wp-json\/wp\/v2\/pages\/29818","targetHints":{"allow":["GET"]}}],"collection":[{"href":"https:\/\/manjgura.hr\/en\/wp-json\/wp\/v2\/pages"}],"about":[{"href":"https:\/\/manjgura.hr\/en\/wp-json\/wp\/v2\/types\/page"}],"author":[{"embeddable":true,"href":"https:\/\/manjgura.hr\/en\/wp-json\/wp\/v2\/users\/2"}],"replies":[{"embeddable":true,"href":"https:\/\/manjgura.hr\/en\/wp-json\/wp\/v2\/comments?post=29818"}],"version-history":[{"count":5,"href":"https:\/\/manjgura.hr\/en\/wp-json\/wp\/v2\/pages\/29818\/revisions"}],"predecessor-version":[{"id":41743,"href":"https:\/\/manjgura.hr\/en\/wp-json\/wp\/v2\/pages\/29818\/revisions\/41743"}],"wp:attachment":[{"href":"https:\/\/manjgura.hr\/en\/wp-json\/wp\/v2\/media?parent=29818"}],"curies":[{"name":"wp","href":"https:\/\/api.w.org\/{rel}","templated":true}]}}